{"id":254,"date":"2024-08-29T09:30:50","date_gmt":"2024-08-29T09:30:50","guid":{"rendered":"https:\/\/temploboxinghouse.com\/?page_id=254"},"modified":"2024-11-14T19:04:04","modified_gmt":"2024-11-14T19:04:04","slug":"nuestro-equipo","status":"publish","type":"page","link":"https:\/\/temploboxinghouse.com\/index.php\/nuestro-equipo\/","title":{"rendered":"Nuestro equipo"},"content":{"rendered":"\t\t<div data-elementor-type=\"wp-page\" data-elementor-id=\"254\" class=\"elementor elementor-254\" data-elementor-post-type=\"page\">\n\t\t\t\t<div class=\"elementor-element elementor-element-78d773a8 e-flex e-con-boxed e-con e-parent\" data-id=\"78d773a8\" data-element_type=\"container\" data-e-type=\"container\" data-settings=\"{&quot;background_background&quot;:&quot;classic&quot;}\">\n\t\t\t\t\t<div class=\"e-con-inner\">\n\t\t<div class=\"elementor-element elementor-element-44a3e029 e-flex e-con-boxed e-con e-child\" data-id=\"44a3e029\" data-element_type=\"container\" data-e-type=\"container\">\n\t\t\t\t\t<div class=\"e-con-inner\">\n\t\t\t\t<div class=\"elementor-element elementor-element-5ce7b1e elementor-invisible elementor-widget elementor-widget-heading\" data-id=\"5ce7b1e\" data-element_type=\"widget\" data-e-type=\"widget\" data-settings=\"{&quot;_animation&quot;:&quot;fadeInUp&quot;}\" data-widget_type=\"heading.default\">\n\t\t\t\t<div class=\"elementor-widget-container\">\n\t\t\t\t\t<h2 class=\"elementor-heading-title elementor-size-default\">nuestro equipo<\/h2>\t\t\t\t<\/div>\n\t\t\t\t<\/div>\n\t\t\t\t<div class=\"elementor-element elementor-element-4f425fd1 animated-slow elementor-invisible elementor-widget elementor-widget-heading\" data-id=\"4f425fd1\" data-element_type=\"widget\" data-e-type=\"widget\" data-settings=\"{&quot;_animation&quot;:&quot;slideInUp&quot;}\" data-widget_type=\"heading.default\">\n\t\t\t\t<div class=\"elementor-widget-container\">\n\t\t\t\t\t<h2 class=\"elementor-heading-title elementor-size-default\">No podr\u00edamos llevar a cabo este proyecto sin el mejor equipo de profesionales, comprometido con nuestro proyecto y expertos en transmitir su pasi\u00f3n por este deporte. <\/h2>\t\t\t\t<\/div>\n\t\t\t\t<\/div>\n\t\t\t\t\t<\/div>\n\t\t\t\t<\/div>\n\t\t<div class=\"elementor-element elementor-element-13a0069e e-con-full e-flex e-con e-child\" data-id=\"13a0069e\" data-element_type=\"container\" data-e-type=\"container\">\n\t\t<div class=\"elementor-element elementor-element-54e307fd e-con-full e-flex e-con e-child\" data-id=\"54e307fd\" data-element_type=\"container\" data-e-type=\"container\">\n\t\t\t\t<div class=\"elementor-element elementor-element-21950272 elementor-widget elementor-widget-heading\" data-id=\"21950272\" data-element_type=\"widget\" data-e-type=\"widget\" data-widget_type=\"heading.default\">\n\t\t\t\t<div class=\"elementor-widget-container\">\n\t\t\t\t\t<h3 class=\"elementor-heading-title elementor-size-default\">adri<\/h3>\t\t\t\t<\/div>\n\t\t\t\t<\/div>\n\t\t\t\t<div class=\"elementor-element elementor-element-2cd0668 elementor-position-top elementor-widget elementor-widget-image-box\" data-id=\"2cd0668\" data-element_type=\"widget\" data-e-type=\"widget\" data-widget_type=\"image-box.default\">\n\t\t\t\t<div class=\"elementor-widget-container\">\n\t\t\t\t\t<div class=\"elementor-image-box-wrapper\"><figure class=\"elementor-image-box-img\"><img fetchpriority=\"high\" decoding=\"async\" width=\"800\" height=\"1200\" src=\"https:\/\/temploboxinghouse.com\/wp-content\/uploads\/2024\/08\/DSC08990-2.jpg\" class=\"attachment-full size-full wp-image-249\" alt=\"\" srcset=\"https:\/\/temploboxinghouse.com\/wp-content\/uploads\/2024\/08\/DSC08990-2.jpg 800w, https:\/\/temploboxinghouse.com\/wp-content\/uploads\/2024\/08\/DSC08990-2-200x300.jpg 200w, https:\/\/temploboxinghouse.com\/wp-content\/uploads\/2024\/08\/DSC08990-2-683x1024.jpg 683w, https:\/\/temploboxinghouse.com\/wp-content\/uploads\/2024\/08\/DSC08990-2-768x1152.jpg 768w\" sizes=\"(max-width: 800px) 100vw, 800px\" \/><\/figure><div class=\"elementor-image-box-content\"><p class=\"elementor-image-box-description\">El gerente del Templo Boxing House tiene amplia experiencia como entrenador, habiendo guiado a gran cantidad de boxeadores al \u00e9xito y a alcanzar sus metas. \nAdem\u00e1s de boxeador, tiene certificado en nutrici\u00f3n deportiva y es experto en impartir clases funcionales, englobando todas las cualidades para ofrecer a nuestros clientes un entrenamiento de boxeo completo. Con \u00e9l, tanto el Templo como nuestros clientes, \u00a1estamos en las mejores manos!\n<\/p><\/div><\/div>\t\t\t\t<\/div>\n\t\t\t\t<\/div>\n\t\t\t\t<\/div>\n\t\t<div class=\"elementor-element elementor-element-1c0f1cea e-con-full e-flex e-con e-child\" data-id=\"1c0f1cea\" data-element_type=\"container\" data-e-type=\"container\">\n\t\t\t\t<div class=\"elementor-element elementor-element-1accdfba elementor-widget elementor-widget-heading\" data-id=\"1accdfba\" data-element_type=\"widget\" data-e-type=\"widget\" data-widget_type=\"heading.default\">\n\t\t\t\t<div class=\"elementor-widget-container\">\n\t\t\t\t\t<h3 class=\"elementor-heading-title elementor-size-default\">jaime<\/h3>\t\t\t\t<\/div>\n\t\t\t\t<\/div>\n\t\t\t\t<div class=\"elementor-element elementor-element-45e1df1f elementor-position-top elementor-widget elementor-widget-image-box\" data-id=\"45e1df1f\" data-element_type=\"widget\" data-e-type=\"widget\" data-widget_type=\"image-box.default\">\n\t\t\t\t<div class=\"elementor-widget-container\">\n\t\t\t\t\t<div class=\"elementor-image-box-wrapper\"><figure class=\"elementor-image-box-img\"><img decoding=\"async\" width=\"800\" height=\"1200\" src=\"https:\/\/temploboxinghouse.com\/wp-content\/uploads\/2024\/08\/DSC08584.jpg\" class=\"attachment-full size-full wp-image-299\" alt=\"\" srcset=\"https:\/\/temploboxinghouse.com\/wp-content\/uploads\/2024\/08\/DSC08584.jpg 800w, https:\/\/temploboxinghouse.com\/wp-content\/uploads\/2024\/08\/DSC08584-200x300.jpg 200w, https:\/\/temploboxinghouse.com\/wp-content\/uploads\/2024\/08\/DSC08584-683x1024.jpg 683w, https:\/\/temploboxinghouse.com\/wp-content\/uploads\/2024\/08\/DSC08584-768x1152.jpg 768w\" sizes=\"(max-width: 800px) 100vw, 800px\" \/><\/figure><div class=\"elementor-image-box-content\"><p class=\"elementor-image-box-description\">Jaime nos ha acompa\u00f1ado desde el inicio, puesto que sus valores encajan a la perfecci\u00f3n con los del Templo, y ha sido parte fundamental para el desarrollo de nuestro m\u00e9todo. \nComo boxeador profesional, est\u00e1 enfocado en perfeccionar la t\u00e9cnica de nuestros alumnos, adem\u00e1s de pulir su estilo y estrategias en el ring. Su dedicaci\u00f3n y compromiso con el progreso de cada persona hacen que nuestros clientes est\u00e9n motivados en cada momento del entrenamiento. Con \u00e9l, \u00a1har\u00e1s que tus objetivos en el Templo pasen al siguiente nivel! <\/p><\/div><\/div>\t\t\t\t<\/div>\n\t\t\t\t<\/div>\n\t\t\t\t<\/div>\n\t\t\t\t<\/div>\n\t\t\t\t\t<\/div>\n\t\t\t\t<\/div>\n\t\t\t\t<\/div>\n\t\t","protected":false},"excerpt":{"rendered":"<p>nuestro equipo No podr\u00edamos llevar a cabo este proyecto sin el mejor equipo de profesionales, comprometido con nuestro proyecto y [&hellip;]<\/p>\n","protected":false},"author":1,"featured_media":0,"parent":0,"menu_order":0,"comment_status":"closed","ping_status":"closed","template":"","meta":{"site-sidebar-layout":"no-sidebar","site-content-layout":"","ast-site-content-layout":"full-width-container","site-content-style":"default","site-sidebar-style":"default","ast-global-header-display":"","ast-banner-title-visibility":"","ast-main-header-display":"","ast-hfb-above-header-display":"","ast-hfb-below-header-display":"","ast-hfb-mobile-header-display":"","site-post-title":"disabled","ast-breadcrumbs-content":"","ast-featured-img":"disabled","footer-sml-layout":"","ast-disable-related-posts":"","theme-transparent-header-meta":"","adv-header-id-meta":"","stick-header-meta":"","header-above-stick-meta":"","header-main-stick-meta":"","header-below-stick-meta":"","astra-migrate-meta-layouts":"default","ast-page-background-enabled":"default","ast-page-background-meta":{"desktop":{"background-color":"var(--ast-global-color-4)","background-image":"","background-repeat":"repeat","background-position":"center center","background-size":"auto","background-attachment":"scroll","background-type":"","background-media":"","overlay-type":"","overlay-color":"","overlay-opacity":"","overlay-gradient":""},"tablet":{"background-color":"","background-image":"","background-repeat":"repeat","background-position":"center center","background-size":"auto","background-attachment":"scroll","background-type":"","background-media":"","overlay-type":"","overlay-color":"","overlay-opacity":"","overlay-gradient":""},"mobile":{"background-color":"","background-image":"","background-repeat":"repeat","background-position":"center center","background-size":"auto","background-attachment":"scroll","background-type":"","background-media":"","overlay-type":"","overlay-color":"","overlay-opacity":"","overlay-gradient":""}},"ast-content-background-meta":{"desktop":{"background-color":"var(--ast-global-color-5)","background-image":"","background-repeat":"repeat","background-position":"center center","background-size":"auto","background-attachment":"scroll","background-type":"","background-media":"","overlay-type":"","overlay-color":"","overlay-opacity":"","overlay-gradient":""},"tablet":{"background-color":"var(--ast-global-color-5)","background-image":"","background-repeat":"repeat","background-position":"center center","background-size":"auto","background-attachment":"scroll","background-type":"","background-media":"","overlay-type":"","overlay-color":"","overlay-opacity":"","overlay-gradient":""},"mobile":{"background-color":"var(--ast-global-color-5)","background-image":"","background-repeat":"repeat","background-position":"center center","background-size":"auto","background-attachment":"scroll","background-type":"","background-media":"","overlay-type":"","overlay-color":"","overlay-opacity":"","overlay-gradient":""}},"footnotes":""},"class_list":["post-254","page","type-page","status-publish","hentry"],"_links":{"self":[{"href":"https:\/\/temploboxinghouse.com\/index.php\/wp-json\/wp\/v2\/pages\/254","targetHints":{"allow":["GET"]}}],"collection":[{"href":"https:\/\/temploboxinghouse.com\/index.php\/wp-json\/wp\/v2\/pages"}],"about":[{"href":"https:\/\/temploboxinghouse.com\/index.php\/wp-json\/wp\/v2\/types\/page"}],"author":[{"embeddable":true,"href":"https:\/\/temploboxinghouse.com\/index.php\/wp-json\/wp\/v2\/users\/1"}],"replies":[{"embeddable":true,"href":"https:\/\/temploboxinghouse.com\/index.php\/wp-json\/wp\/v2\/comments?post=254"}],"version-history":[{"count":0,"href":"https:\/\/temploboxinghouse.com\/index.php\/wp-json\/wp\/v2\/pages\/254\/revisions"}],"wp:attachment":[{"href":"https:\/\/temploboxinghouse.com\/index.php\/wp-json\/wp\/v2\/media?parent=254"}],"curies":[{"name":"wp","href":"https:\/\/api.w.org\/{rel}","templated":true}]}}